{"id":5183,"date":"2020-07-06T10:42:35","date_gmt":"2020-07-06T15:42:35","guid":{"rendered":"https:\/\/avanzasaludips.com\/php\/?page_id=5183"},"modified":"2022-02-28T15:02:57","modified_gmt":"2022-02-28T21:02:57","slug":"neurorehabilitacion","status":"publish","type":"page","link":"https:\/\/avanzasaludips.com\/php\/neurorehabilitacion\/","title":{"rendered":"Neurorehabilitaci\u00f3n"},"content":{"rendered":"<p>[et_pb_section fb_built=\u00bb1&#8243; admin_label=\u00bbHero Section\u00bb _builder_version=\u00bb4.5.6&#8243; use_background_color_gradient=\u00bbon\u00bb background_color_gradient_start=\u00bb#00c1ff\u00bb background_color_gradient_end=\u00bb#a8cf45&#8243; background_color_gradient_direction=\u00bb150deg\u00bb background_color_gradient_start_position=\u00bb40%\u00bb custom_padding=\u00bb60px|0px|60px|0px\u00bb][et_pb_row _builder_version=\u00bb3.25&#8243; background_size=\u00bbinitial\u00bb background_position=\u00bbtop_left\u00bb background_repeat=\u00bbrepeat\u00bb][et_pb_column type=\u00bb4_4&#8243; _builder_version=\u00bb3.25&#8243; custom_padding=\u00bb|||\u00bb custom_padding__hover=\u00bb|||\u00bb][et_pb_text _builder_version=\u00bb4.5.6&#8243; text_font=\u00bbPoppins||||||||\u00bb text_text_color=\u00bbrgba(255,255,255,0.8)\u00bb text_font_size=\u00bb18px\u00bb text_line_height=\u00bb1.8em\u00bb header_font=\u00bbPoppins|600|||||||\u00bb header_text_color=\u00bb#ffffff\u00bb header_font_size=\u00bb38px\u00bb header_3_font=\u00bbPoppins|600|||||||\u00bb header_3_font_size=\u00bb36px\u00bb header_3_line_height=\u00bb1.4em\u00bb background_layout=\u00bbdark\u00bb module_alignment=\u00bbleft\u00bb custom_margin=\u00bb|||\u00bb hover_enabled=\u00bb0&#8243; header_font_size_tablet=\u00bb32px\u00bb header_font_size_phone=\u00bb24px\u00bb header_font_size_last_edited=\u00bbon|phone\u00bb locked=\u00bboff\u00bb]NUESTROS SERVICIOS<\/p>\n<h1>Neurorrehabilitaci\u00f3n<\/h1>\n<p>[\/et_pb_text][\/et_pb_column][\/et_pb_row][\/et_pb_section][et_pb_section fb_built=\u00bb1&#8243; admin_label=\u00bbAbout Us Section\u00bb _builder_version=\u00bb3.22&#8243; custom_padding=\u00bb50px|0px|0px|0px||\u00bb][et_pb_row column_structure=\u00bb1_2,1_2&#8243; _builder_version=\u00bb4.5.6&#8243; custom_padding=\u00bb|||\u00bb locked=\u00bboff\u00bb][et_pb_column type=\u00bb1_2&#8243; _builder_version=\u00bb3.25&#8243; custom_padding=\u00bb|||\u00bb custom_padding__hover=\u00bb|||\u00bb][et_pb_image src=\u00bbhttps:\/\/avanzasaludips.com\/php\/wp-content\/uploads\/2020\/07\/2_neuro.jpg\u00bb title_text=\u00bb2_neuro\u00bb align_tablet=\u00bbcenter\u00bb align_phone=\u00bb\u00bb align_last_edited=\u00bbon|desktop\u00bb _builder_version=\u00bb4.5.6&#8243; animation_style=\u00bbfade\u00bb hover_enabled=\u00bb0&#8243; border_radii=\u00bbon|8px|8px|8px|8px\u00bb box_shadow_style=\u00bbpreset3&#8243;][\/et_pb_image][\/et_pb_column][et_pb_column type=\u00bb1_2&#8243; _builder_version=\u00bb3.25&#8243; custom_padding=\u00bb|||\u00bb custom_padding__hover=\u00bb|||\u00bb][et_pb_text _builder_version=\u00bb4.5.6&#8243; text_font=\u00bb||||||||\u00bb header_font=\u00bb||||||||\u00bb header_3_font=\u00bbPoppins|600|||||||\u00bb header_3_text_color=\u00bb#00c1ff\u00bb header_3_font_size=\u00bb36px\u00bb header_3_line_height=\u00bb1.4em\u00bb hover_enabled=\u00bb0&#8243; header_3_font_size_tablet=\u00bb\u00bb header_3_font_size_phone=\u00bb27px\u00bb header_3_font_size_last_edited=\u00bbon|phone\u00bb]<\/p>\n<h3>CONSULTA NEUROPSICOLOGICA<\/h3>\n<p>[\/et_pb_text][et_pb_text _builder_version=\u00bb4.5.6&#8243; text_font=\u00bbOpen Sans||||||||\u00bb text_text_color=\u00bb#486066&#8243; text_font_size=\u00bb15px\u00bb text_line_height=\u00bb1.8em\u00bb header_font=\u00bb||||||||\u00bb background_enable_color=\u00bboff\u00bb text_orientation=\u00bbjustified\u00bb custom_margin=\u00bb||60px|\u00bb hover_enabled=\u00bb0&#8243;]La consulta por neuropsicolog\u00eda busca explorar los s\u00edntomas por los cuales es remitido el paciente, con el fin de determinar la necesidad de un proceso de evaluaci\u00f3n neuropsicol\u00f3gico completo o rehabilitaci\u00f3n neuropsicol\u00f3gica.<\/p>\n<p>[\/et_pb_text][\/et_pb_column][\/et_pb_row][\/et_pb_section][et_pb_section fb_built=\u00bb1&#8243; admin_label=\u00bbOur Services Section\u00bb _builder_version=\u00bb3.22&#8243; background_color=\u00bb#fafbfc\u00bb custom_padding=\u00bb50px|0px|50px|0px||\u00bb][et_pb_row column_structure=\u00bb1_2,1_2&#8243; _builder_version=\u00bb4.5.6&#8243; custom_padding=\u00bb||0px|||\u00bb locked=\u00bboff\u00bb][et_pb_column type=\u00bb1_2&#8243; _builder_version=\u00bb3.25&#8243; custom_padding=\u00bb|||\u00bb custom_padding__hover=\u00bb|||\u00bb][et_pb_image src=\u00bbhttps:\/\/avanzasaludips.com\/php\/wp-content\/uploads\/2020\/07\/1_neuro-1.jpg\u00bb title_text=\u00bb1_neuro\u00bb align_tablet=\u00bbcenter\u00bb align_phone=\u00bb\u00bb align_last_edited=\u00bbon|desktop\u00bb _builder_version=\u00bb4.5.6&#8243; animation_style=\u00bbfade\u00bb hover_enabled=\u00bb0&#8243; border_radii=\u00bbon|8px|8px|8px|8px\u00bb box_shadow_style=\u00bbpreset3&#8243;][\/et_pb_image][\/et_pb_column][et_pb_column type=\u00bb1_2&#8243; _builder_version=\u00bb3.25&#8243; custom_padding=\u00bb|||\u00bb custom_padding__hover=\u00bb|||\u00bb][et_pb_text _builder_version=\u00bb4.5.6&#8243; text_font=\u00bb||||||||\u00bb header_font=\u00bb||||||||\u00bb header_3_font=\u00bbPoppins|600|||||||\u00bb header_3_text_color=\u00bb#00c1ff\u00bb header_3_font_size=\u00bb36px\u00bb header_3_line_height=\u00bb1.4em\u00bb hover_enabled=\u00bb0&#8243; header_3_font_size_tablet=\u00bb\u00bb header_3_font_size_phone=\u00bb26px\u00bb header_3_font_size_last_edited=\u00bbon|phone\u00bb]<\/p>\n<h3>EVALUACI\u00d3N  NEUROPSICOLOGICA<\/h3>\n<p>[\/et_pb_text][et_pb_text _builder_version=\u00bb4.5.6&#8243; text_font=\u00bbOpen Sans||||||||\u00bb text_text_color=\u00bb#486066&#8243; text_font_size=\u00bb15px\u00bb text_line_height=\u00bb1.8em\u00bb header_font=\u00bb||||||||\u00bb background_enable_color=\u00bboff\u00bb text_orientation=\u00bbjustified\u00bb custom_margin=\u00bb||60px|\u00bb hover_enabled=\u00bb0&#8243;]El proceso de evaluaci\u00f3n neuropsicol\u00f3gica busca determinar en el paciente las alteraciones cognitivas, comportamentales o emocionales secundarias a un trastorno en el neurodesarrollo, lesi\u00f3n o alteraci\u00f3n neurol\u00f3gica, a trav\u00e9s de la detecci\u00f3n de d\u00e9ficits espec\u00edficos en \u00e1reas como:  atenci\u00f3n, memoria, lenguaje, funciones ejecutivas,  praxias, lectura, escritura, c\u00e1lculo, habilidades adaptativas e independencia; teniendo protocolos espec\u00edficos seg\u00fan rangos de edad y patolog\u00edas, con el fin de la elaborar un programa de intervenci\u00f3n.<\/p>\n<p>[\/et_pb_text][\/et_pb_column][\/et_pb_row][\/et_pb_section][et_pb_section fb_built=\u00bb1&#8243; admin_label=\u00bbAbout Us Section\u00bb _builder_version=\u00bb3.22&#8243; custom_padding=\u00bb50px|0px|0px|0px||\u00bb][et_pb_row column_structure=\u00bb1_2,1_2&#8243; _builder_version=\u00bb4.5.6&#8243; custom_padding=\u00bb|||\u00bb locked=\u00bboff\u00bb][et_pb_column type=\u00bb1_2&#8243; _builder_version=\u00bb3.25&#8243; custom_padding=\u00bb|||\u00bb custom_padding__hover=\u00bb|||\u00bb][et_pb_image src=\u00bbhttps:\/\/avanzasaludips.com\/php\/wp-content\/uploads\/2020\/07\/3_neuro-1.jpg\u00bb title_text=\u00bb3_neuro\u00bb align_tablet=\u00bbcenter\u00bb align_phone=\u00bb\u00bb align_last_edited=\u00bbon|desktop\u00bb _builder_version=\u00bb4.5.6&#8243; animation_style=\u00bbfade\u00bb hover_enabled=\u00bb0&#8243; border_radii=\u00bbon|8px|8px|8px|8px\u00bb box_shadow_style=\u00bbpreset3&#8243;][\/et_pb_image][\/et_pb_column][et_pb_column type=\u00bb1_2&#8243; _builder_version=\u00bb3.25&#8243; custom_padding=\u00bb|||\u00bb custom_padding__hover=\u00bb|||\u00bb][et_pb_text _builder_version=\u00bb4.5.6&#8243; text_font=\u00bb||||||||\u00bb header_font=\u00bb||||||||\u00bb header_3_font=\u00bbPoppins|600|||||||\u00bb header_3_text_color=\u00bb#00c1ff\u00bb header_3_font_size=\u00bb36px\u00bb header_3_line_height=\u00bb1.4em\u00bb hover_enabled=\u00bb0&#8243; header_3_font_size_tablet=\u00bb\u00bb header_3_font_size_phone=\u00bb27px\u00bb header_3_font_size_last_edited=\u00bbon|phone\u00bb]<\/p>\n<h3>REHABILITACI\u00d3N NEUROPSICOL\u00d3GICA<\/h3>\n<p>[\/et_pb_text][et_pb_text _builder_version=\u00bb4.5.6&#8243; text_font=\u00bbOpen Sans||||||||\u00bb text_text_color=\u00bb#486066&#8243; text_font_size=\u00bb15px\u00bb text_line_height=\u00bb1.8em\u00bb header_font=\u00bb||||||||\u00bb background_enable_color=\u00bboff\u00bb text_orientation=\u00bbjustified\u00bb custom_margin=\u00bb||60px|\u00bb hover_enabled=\u00bb0&#8243;]El programa de rehabilitaci\u00f3n Neuropsicol\u00f3gica busca estimular y rehabilitar en el paciente aquellas \u00e1reas identificadas con d\u00e9ficit en la evaluaci\u00f3n Neuropsicol\u00f3gica, as\u00ed como brindar estrategias para un mejor funcionamiento del paciente en casa y dar apoyo a su familia en cada proceso.<\/p>\n<p>[\/et_pb_text][\/et_pb_column][\/et_pb_row][\/et_pb_section]<\/p>\n","protected":false},"excerpt":{"rendered":"<p>NUESTROS SERVICIOS Neurorrehabilitaci\u00f3nCONSULTA NEUROPSICOLOGICALa consulta por neuropsicolog\u00eda busca explorar los s\u00edntomas por los cuales es remitido el paciente, con el fin de determinar la necesidad de un proceso de evaluaci\u00f3n neuropsicol\u00f3gico completo o rehabilitaci\u00f3n neuropsicol\u00f3gica. EVALUACI\u00d3N NEUROPSICOLOGICAEl proceso de evaluaci\u00f3n neuropsicol\u00f3gica busca determinar en el paciente las alteraciones cognitivas, comportamentales o emocionales secundarias a un [&hellip;]<\/p>\n","protected":false},"author":1,"featured_media":0,"parent":0,"menu_order":0,"comment_status":"closed","ping_status":"closed","template":"","meta":{"_et_pb_use_builder":"on","_et_pb_old_content":"[mk_page_section layout_structure=\"half_right\" bg_image_portrait=\"https:\/\/avanzasaludips.com\/php\/wp-content\/uploads\/2020\/07\/2_neuro.jpg\" bg_color=\"#33a7e4\" min_height=\"750\"][vc_column][mk_padding_divider size=\"100\"][mk_fancy_title color=\"#ffffff\" size=\"32\" force_font_size=\"true\" size_phone=\"26\" font_weight=\"bold\" txt_transform=\"uppercase\" margin_bottom=\"0\" font_family=\"none\" responsive_align=\"left\" animation=\"right-to-left\"]CONSULTA NEUROPSICOLOGICA[\/mk_fancy_title][mk_padding_divider size=\"10\"][vc_column_text disable_pattern=\"false\" css=\".vc_custom_1594762982134{margin-bottom: 0px !important;}\"]\r\n<p style=\"text-align: justify;\"><span style=\"color: #ffffff;\">La consulta por neuropsicolog\u00eda busca explorar los s\u00edntomas por los cuales es remitido el paciente, con el fin de determinar la necesidad de un proceso de evaluaci\u00f3n neuropsicol\u00f3gico completo o rehabilitaci\u00f3n neuropsicol\u00f3gica.<\/span><\/p>\r\n[\/vc_column_text][mk_padding_divider size=\"80\" visibility=\"visible-tl\"][mk_padding_divider size=\"80\" visibility=\"visible-sm\"][\/vc_column][\/mk_page_section][mk_page_section layout_structure=\"half_left\" bg_image_portrait=\"https:\/\/avanzasaludips.com\/php\/wp-content\/uploads\/2020\/07\/1_neuro-1.jpg\" bg_color=\"#33a7e4\" min_height=\"750\"][vc_column][mk_padding_divider size=\"100\"][mk_fancy_title color=\"#ffffff\" size=\"32\" force_font_size=\"true\" size_phone=\"26\" font_weight=\"bold\" txt_transform=\"uppercase\" margin_bottom=\"0\" font_family=\"none\" responsive_align=\"left\" animation=\"right-to-left\"]EVALUACI\u00d3N\u00a0 NEUROPSICOLOGICA[\/mk_fancy_title][mk_padding_divider size=\"10\"][vc_column_text disable_pattern=\"false\" css=\".vc_custom_1594763220827{margin-bottom: 0px !important;}\"]\r\n<p style=\"text-align: justify;\"><span style=\"color: #ffffff;\">El proceso de evaluaci\u00f3n neuropsicol\u00f3gica busca determinar en el paciente las alteraciones cognitivas, comportamentales o emocionales secundarias a un trastorno en el neurodesarrollo, lesi\u00f3n o alteraci\u00f3n neurol\u00f3gica, a trav\u00e9s de la detecci\u00f3n de d\u00e9ficits espec\u00edficos en \u00e1reas como:\u00a0 atenci\u00f3n, memoria, lenguaje, funciones ejecutivas,\u00a0 praxias, lectura, escritura, c\u00e1lculo, habilidades adaptativas e independencia; teniendo protocolos espec\u00edficos seg\u00fan rangos de edad y patolog\u00edas, con el fin de la elaborar un programa de intervenci\u00f3n.<\/span><\/p>\r\n[\/vc_column_text][mk_padding_divider size=\"80\" visibility=\"visible-tl\"][mk_padding_divider size=\"80\" visibility=\"visible-sm\"][\/vc_column][\/mk_page_section][mk_page_section layout_structure=\"half_right\" bg_image_portrait=\"https:\/\/avanzasaludips.com\/php\/wp-content\/uploads\/2020\/07\/3_neuro-1.jpg\" bg_color=\"#33a7e4\" min_height=\"750\"][vc_column][mk_padding_divider size=\"100\"][mk_fancy_title color=\"#ffffff\" size=\"32\" force_font_size=\"true\" size_phone=\"26\" font_weight=\"bold\" txt_transform=\"uppercase\" margin_bottom=\"0\" font_family=\"none\" responsive_align=\"left\" animation=\"right-to-left\"]REHABILITACI\u00d3N NEUROPSICOL\u00d3GICA[\/mk_fancy_title][mk_padding_divider size=\"10\"][vc_column_text disable_pattern=\"false\" css=\".vc_custom_1594763317612{margin-bottom: 0px !important;}\"]\r\n<p style=\"text-align: justify;\"><span style=\"color: #ffffff;\"> El programa de rehabilitaci\u00f3n Neuropsicol\u00f3gica busca estimular y rehabilitar en el paciente aquellas \u00e1reas identificadas con d\u00e9ficit en la evaluaci\u00f3n Neuropsicol\u00f3gica, as\u00ed como brindar estrategias para un mejor funcionamiento del paciente en casa y dar apoyo a su familia en cada proceso.[\/vc_column_text][mk_padding_divider size=\"80\" visibility=\"visible-tl\"][mk_padding_divider size=\"80\" visibility=\"visible-sm\"][\/vc_column][\/mk_page_section]<\/span><\/p>","_et_gb_content_width":"","footnotes":""},"class_list":["post-5183","page","type-page","status-publish","hentry"],"_links":{"self":[{"href":"https:\/\/avanzasaludips.com\/php\/wp-json\/wp\/v2\/pages\/5183","targetHints":{"allow":["GET"]}}],"collection":[{"href":"https:\/\/avanzasaludips.com\/php\/wp-json\/wp\/v2\/pages"}],"about":[{"href":"https:\/\/avanzasaludips.com\/php\/wp-json\/wp\/v2\/types\/page"}],"author":[{"embeddable":true,"href":"https:\/\/avanzasaludips.com\/php\/wp-json\/wp\/v2\/users\/1"}],"replies":[{"embeddable":true,"href":"https:\/\/avanzasaludips.com\/php\/wp-json\/wp\/v2\/comments?post=5183"}],"version-history":[{"count":0,"href":"https:\/\/avanzasaludips.com\/php\/wp-json\/wp\/v2\/pages\/5183\/revisions"}],"wp:attachment":[{"href":"https:\/\/avanzasaludips.com\/php\/wp-json\/wp\/v2\/media?parent=5183"}],"curies":[{"name":"wp","href":"https:\/\/api.w.org\/{rel}","templated":true}]}}