{"id":5,"date":"2016-04-04T07:54:40","date_gmt":"2016-04-04T07:54:40","guid":{"rendered":"http:\/\/demos.artbees.net\/jupiter5\/summanus\/?page_id=5"},"modified":"2025-07-30T13:51:03","modified_gmt":"2025-07-30T18:51:03","slug":"home","status":"publish","type":"page","link":"https:\/\/avanzasaludips.com\/php\/","title":{"rendered":"Home"},"content":{"rendered":"<p>[et_pb_section fb_built=\u00bb1&#8243; fullwidth=\u00bbon\u00bb _builder_version=\u00bb4.19.4&#8243; _module_preset=\u00bbdefault\u00bb background_color=\u00bb#E02B20&#8243; use_background_color_gradient=\u00bbon\u00bb background_image=\u00bbhttps:\/\/avanzasaludips.com\/php\/wp-content\/uploads\/2023\/03\/equipo-110px.jpg\u00bb global_colors_info=\u00bb{}\u00bb][et_pb_fullwidth_slider show_arrows=\u00bboff\u00bb show_pagination=\u00bboff\u00bb _builder_version=\u00bb4.19.4&#8243; _module_preset=\u00bbdefault\u00bb body_text_color=\u00bb#000000&#8243; body_font_size=\u00bb37px\u00bb background_color=\u00bb#FFFFFF\u00bb background_image=\u00bbhttps:\/\/avanzasaludips.com\/php\/wp-content\/uploads\/2023\/03\/equipo-110px.jpg\u00bb min_height=\u00bb548px\u00bb custom_margin=\u00bb||||false|false\u00bb custom_padding=\u00bb134px||212px|||\u00bb header_text_shadow_style=\u00bbpreset4&#8243; body_text_shadow_style=\u00bbpreset4&#8243; global_colors_info=\u00bb{}\u00bb][et_pb_slide heading=\u00bbGRACIAS POR ELEGIRNOS\u00bb _builder_version=\u00bb4.19.4&#8243; _module_preset=\u00bbdefault\u00bb header_level=\u00bbh1&#8243; header_font=\u00bb||||||||\u00bb header_font_size=\u00bb41px\u00bb body_font=\u00bb|700|||||||\u00bb body_font_size=\u00bb1px\u00bb background_enable_color=\u00bboff\u00bb use_background_color_gradient=\u00bbon\u00bb background_image=\u00bbhttps:\/\/avanzasaludips.com\/php\/wp-content\/uploads\/2023\/03\/equipo-110px.jpg\u00bb background_enable_image=\u00bbon\u00bb text_orientation=\u00bbcenter\u00bb header_text_shadow_style=\u00bbpreset4&#8243; header_text_shadow_horizontal_length=\u00bb-0.05em\u00bb header_text_shadow_vertical_length=\u00bb-0.05em\u00bb header_text_shadow_blur_strength=\u00bb0.06em\u00bb header_text_shadow_color=\u00bb#00C1FF\u00bb body_text_shadow_style=\u00bbpreset1&#8243; text_shadow_style=\u00bbpreset4&#8243; text_shadow_vertical_length=\u00bb0.19em\u00bb text_shadow_blur_strength=\u00bb0.31em\u00bb text_shadow_color=\u00bb#00C1FF\u00bb global_colors_info=\u00bb{}\u00bb sticky_transition=\u00bbon\u00bb]<\/p>\n<h1><span style=\"color: #00c1ff;\"><strong>Durante m\u00e1s de una D\u00e9cada<\/strong><\/span><\/h1>\n<h1><strong><span style=\"color: #00c1ff;\">ANIVERSARIO <span style=\"color: #97ce0c;\">AVANZA SALUD<\/span><\/span><\/strong><\/h1>\n<p>[\/et_pb_slide][\/et_pb_fullwidth_slider][\/et_pb_section][et_pb_section fb_built=\u00bb1&#8243; admin_label=\u00bbAbout Us Section\u00bb _builder_version=\u00bb4.19.4&#8243; background_enable_color=\u00bboff\u00bb use_background_color_gradient=\u00bbon\u00bb background_image=\u00bbhttps:\/\/avanzasaludips.com\/php\/wp-content\/uploads\/2023\/03\/fondo-p_web_01.jpg\u00bb min_height=\u00bb917.1px\u00bb custom_padding=\u00bb51px|0px|110px|0px||\u00bb background_last_edited=\u00bbon|desktop\u00bb background_enable_image_tablet=\u00bboff\u00bb global_colors_info=\u00bb{}\u00bb][et_pb_row column_structure=\u00bb1_2,1_2&#8243; _builder_version=\u00bb4.16&#8243; custom_padding=\u00bb|||\u00bb locked=\u00bboff\u00bb global_colors_info=\u00bb{}\u00bb][et_pb_column type=\u00bb1_2&#8243; _builder_version=\u00bb4.16&#8243; custom_padding=\u00bb|||\u00bb global_colors_info=\u00bb{}\u00bb custom_padding__hover=\u00bb|||\u00bb][et_pb_text _builder_version=\u00bb4.16&#8243; text_font=\u00bb||||||||\u00bb text_text_color=\u00bb#00c1ff\u00bb header_font=\u00bb||||||||\u00bb header_3_font=\u00bbPoppins|600|||||||\u00bb header_3_text_color=\u00bb#00c1ff\u00bb header_3_font_size=\u00bb36px\u00bb header_3_line_height=\u00bb1.4em\u00bb global_colors_info=\u00bb{}\u00bb]<\/p>\n<h3>Viviendo A Diario Con:<br \/>\n\u201cEL AMOR ES LA CLAVE DE TODO\u201d<\/h3>\n<p>[\/et_pb_text][et_pb_text _builder_version=\u00bb4.16&#8243; text_font=\u00bb||||||||\u00bb text_line_height=\u00bb1.8em\u00bb header_font=\u00bb||||||||\u00bb text_orientation=\u00bbjustified\u00bb custom_margin=\u00bb||60px|\u00bb global_colors_info=\u00bb{}\u00bb]Avanza Salud IPS fue creada en el a\u00f1o 2012 por un grupo de profesionales que tenia como idea fundamental ayudar en la recuperaci\u00f3n de la poblaci\u00f3n infantil con necesidades especiales, en la actualidad prestas servicios de rehabilitaci\u00f3n integral a ni\u00f1os y ni\u00f1as con edades de los 0 a los 18 a\u00f1os, trabaja d\u00eda tras d\u00eda por fortalecer todos sus procesos y por brindar calidad de servicio a todos sus usuarios.[\/et_pb_text][\/et_pb_column][et_pb_column type=\u00bb1_2&#8243; _builder_version=\u00bb4.16&#8243; custom_padding=\u00bb|||\u00bb global_colors_info=\u00bb{}\u00bb custom_padding__hover=\u00bb|||\u00bb][\/et_pb_column][\/et_pb_row][\/et_pb_section][et_pb_section fb_built=\u00bb1&#8243; admin_label=\u00bbOur Services Section\u00bb _builder_version=\u00bb4.16&#8243; background_color=\u00bb#fafbfc\u00bb min_height=\u00bb655.7px\u00bb custom_padding=\u00bb60px|0px|110px|0px||\u00bb global_colors_info=\u00bb{}\u00bb][et_pb_row _builder_version=\u00bb4.16&#8243; locked=\u00bboff\u00bb global_colors_info=\u00bb{}\u00bb][et_pb_column type=\u00bb4_4&#8243; _builder_version=\u00bb4.16&#8243; custom_padding=\u00bb|||\u00bb global_colors_info=\u00bb{}\u00bb custom_padding__hover=\u00bb|||\u00bb][et_pb_text _builder_version=\u00bb4.16&#8243; text_font=\u00bb||||||||\u00bb header_font=\u00bb||||||||\u00bb header_text_align=\u00bbcenter\u00bb header_3_font=\u00bbPoppins|600|||||||\u00bb header_3_text_color=\u00bb#a8cf45&#8243; header_3_font_size=\u00bb36px\u00bb header_3_line_height=\u00bb1.4em\u00bb text_orientation=\u00bbcenter\u00bb global_colors_info=\u00bb{}\u00bb]<\/p>\n<h3>\u00daltimas noticias Avanza<\/h3>\n<p>[\/et_pb_text][\/et_pb_column][\/et_pb_row][et_pb_row use_custom_gutter=\u00bbon\u00bb gutter_width=\u00bb2&#8243; make_equal=\u00bbon\u00bb column_padding_mobile=\u00bbon\u00bb custom_padding_last_edited=\u00bbon|phone\u00bb _builder_version=\u00bb4.16&#8243; background_size=\u00bbinitial\u00bb background_position=\u00bbtop_left\u00bb background_repeat=\u00bbrepeat\u00bb width=\u00bb90%\u00bb custom_padding=\u00bb27px|0px|27px|0px\u00bb custom_padding_tablet=\u00bb49px|||\u00bb custom_padding_phone=\u00bb19px|||\u00bb global_colors_info=\u00bb{}\u00bb][et_pb_column type=\u00bb4_4&#8243; _builder_version=\u00bb4.16&#8243; custom_padding=\u00bb|||\u00bb global_colors_info=\u00bb{}\u00bb custom_padding__hover=\u00bb|||\u00bb][et_pb_blog fullwidth=\u00bboff\u00bb posts_number=\u00bb3&#8243; show_more=\u00bbon\u00bb show_author=\u00bboff\u00bb show_excerpt=\u00bboff\u00bb show_pagination=\u00bboff\u00bb use_overlay=\u00bbon\u00bb overlay_icon_color=\u00bb#00c1ff\u00bb hover_icon=\u00bb&#xe042;||divi||400&#8243; _builder_version=\u00bb4.16&#8243; _module_preset=\u00bbdefault\u00bb header_text_color=\u00bb#00c1ff\u00bb global_colors_info=\u00bb{}\u00bb][\/et_pb_blog][et_pb_button button_url=\u00bb@ET-DC@eyJkeW5hbWljIjp0cnVlLCJjb250ZW50IjoicG9zdF9saW5rX3VybF9wYWdlIiwic2V0dGluZ3MiOnsicG9zdF9pZCI6IjUwNjUifX0=@\u00bb button_text=\u00bbVer todas\u00bb button_alignment=\u00bbcenter\u00bb _builder_version=\u00bb4.16&#8243; _dynamic_attributes=\u00bbbutton_url\u00bb _module_preset=\u00bbdefault\u00bb custom_button=\u00bbon\u00bb button_text_color=\u00bb#ffffff\u00bb button_bg_color=\u00bb#00c1ff\u00bb button_border_color=\u00bb#00c1ff\u00bb global_colors_info=\u00bb{}\u00bb][\/et_pb_button][\/et_pb_column][\/et_pb_row][\/et_pb_section]<\/p>\n","protected":false},"excerpt":{"rendered":"<p>Durante m\u00e1s de una D\u00e9cada ANIVERSARIO AVANZA SALUDViviendo A Diario Con: \u201cEL AMOR ES LA CLAVE DE TODO\u201dAvanza Salud IPS fue creada en el a\u00f1o 2012 por un grupo de profesionales que tenia como idea fundamental ayudar en la recuperaci\u00f3n de la poblaci\u00f3n infantil con necesidades especiales, en la actualidad prestas servicios de rehabilitaci\u00f3n integral [&hellip;]<\/p>\n","protected":false},"author":1,"featured_media":0,"parent":0,"menu_order":0,"comment_status":"closed","ping_status":"closed","template":"","meta":{"_et_pb_use_builder":"on","_et_pb_old_content":"[mk_page_section bg_image=\"https:\/\/avanzasaludips.com\/php\/wp-content\/uploads\/2020\/07\/banner-inicio.jpg\" bg_color=\"rgba(123,123,123,0.48)\" blend_mode=\"multiply\" bg_repeat=\"no-repeat\" bg_stretch=\"true\" video_opacity=\"0.9\" js_vertical_centered=\"true\" padding_top=\"0\" padding_bottom=\"140\" sidebar=\"sidebar-1\"][vc_column][mk_padding_divider size=\"120\" visibility=\"hidden-sm\"][mk_fancy_title tag_name=\"h5\" color=\"#ffffff\" size=\"24\" line_height=\"90\" font_weight=\"400\" txt_transform=\"uppercase\" margin_bottom=\"0\" font_family=\"Poppins\" font_type=\"google\"]Gracias por elegirnos[\/mk_fancy_title][mk_fancy_title tag_name=\"h1\" color=\"#ffffff\" size=\"56\" force_font_size=\"true\" size_tablet=\"45\" line_height=\"95\" font_weight=\"bold\" txt_transform=\"uppercase\" margin_bottom=\"0\" font_family=\"Poppins\" font_type=\"google\"]Bienvenidos a nuestro sitio web\r\n<span style=\"color: #00afef;\">Somos Avanza Salud<\/span>[\/mk_fancy_title][mk_fancy_title tag_name=\"h5\" color=\"#ffffff\" size=\"20\" font_weight=\"400\" txt_transform=\"none\" margin_bottom=\"0\" font_family=\"Poppins\" font_type=\"google\"][\/mk_fancy_title][\/vc_column][\/mk_page_section][mk_page_section bg_image=\"https:\/\/avanzasaludips.com\/php\/wp-content\/uploads\/2020\/07\/banner_1.jpg\" bg_image_portrait=\"https:\/\/avanzasaludips.com\/php\/wp-content\/uploads\/2020\/07\/banner_1-1.jpg\" bg_color=\"#f6f9fc\" bg_position=\"center center\" bg_repeat=\"no-repeat\" min_height=\"565\" padding_top=\"100\" padding_bottom=\"60\" sidebar=\"sidebar-1\"][vc_column][mk_fancy_title tag_name=\"h4\" color=\"#00afef\" size=\"36\" font_weight=\"400\" txt_transform=\"capitalize\" margin_bottom=\"30\" font_family=\"Poppins\" font_type=\"google\" animation=\"top-to-bottom\"]Viviendo a diario con:\r\n\r\n\u201cEL AMOR ES LA CLAVE DE TODO\u201d[\/mk_fancy_title][vc_row_inner][vc_column_inner width=\"1\/2\"][vc_column_text disable_pattern=\"false\" css=\".vc_custom_1594159342902{margin-bottom: 0px !important;}\"]\r\n<p style=\"text-align: justify;\">Avanza Salud IPS fue creada en el a\u00f1o 2012 por un grupo de profesionales que tenia como idea fundamental ayudar en la recuperaci\u00f3n de la poblaci\u00f3n infantil con necesidades especiales, en la actualidad prestas servicios de rehabilitaci\u00f3n integral a ni\u00f1os y ni\u00f1as con edades de los 0 a los 18 a\u00f1os, trabaja d\u00eda tras d\u00eda por fortalecer todos sus procesos y por brindar calidad de servicio a todos sus usuarios.<\/p>\r\n[\/vc_column_text][\/vc_column_inner][vc_column_inner width=\"1\/2\"][\/vc_column_inner][\/vc_row_inner][mk_button dimension=\"flat\" size=\"medium\" url=\"https:\/\/avanzasaludips.com\/php\/corporativo\/\" margin_top=\"30\" animation=\"fade-in\" bg_color=\"#00afef\" btn_hover_bg=\"#a8cf45\"]mas sobre nosotros [\/mk_button][\/vc_column][\/mk_page_section][mk_page_section bg_color=\"#f6f9fc\" bg_position=\"center center\" bg_repeat=\"no-repeat\" min_height=\"565\" padding_top=\"100\" padding_bottom=\"60\" sidebar=\"sidebar-1\"][vc_column][mk_ornamental_title font_family=\"none\" font_size=\"32\" font_weight=\"bold\" ornament_style=\"norman-double\" ornament_thickness=\"2\"]\u00daltimas noticias Avanza[\/mk_ornamental_title][mk_blog_carousel count=\"6\" view_all=\"5065\"][mk_button dimension=\"flat\" size=\"medium\" icon=\"mk-icon-hand-o-right\" url=\"https:\/\/avanzasaludips.com\/php\/articulos-de-interes\/\" align=\"right\" animation=\"fade-in\" bg_color=\"#00afef\" btn_hover_bg=\"#a8cf45\"]Ver todas[\/mk_button][\/vc_column][\/mk_page_section][mk_page_section bg_color=\"#a8cf45\" padding_top=\"40\" padding_bottom=\"40\" sidebar=\"sidebar-1\"][vc_column][mk_fancy_title tag_name=\"h4\" color=\"#ffffff\" size=\"48\" force_font_size=\"true\" size_tablet=\"40\" font_weight=\"400\" txt_transform=\"none\" margin_top=\"15\" margin_bottom=\"0\" font_family=\"Poppins\" font_type=\"google\" align=\"center\" animation=\"top-to-bottom\"]Inquietudes o sugerencias[\/mk_fancy_title][mk_button dimension=\"outline\" size=\"medium\" url=\"https:\/\/api.whatsapp.com\/send?phone=573184570745\" target=\"_blank\" align=\"center\" margin_bottom=\"0\" margin_right=\"0\" animation=\"fade-in\" outline_skin=\"custom\" outline_active_color=\"#ffffff\" outline_active_text_color=\"#ffffff\" outline_hover_bg_color=\"#72d5e7\" outline_hover_color=\"#ffffff\"]Escr\u00edbenos [\/mk_button][\/vc_column][\/mk_page_section]","_et_gb_content_width":"","footnotes":""},"class_list":["post-5","page","type-page","status-publish","hentry"],"_links":{"self":[{"href":"https:\/\/avanzasaludips.com\/php\/wp-json\/wp\/v2\/pages\/5","targetHints":{"allow":["GET"]}}],"collection":[{"href":"https:\/\/avanzasaludips.com\/php\/wp-json\/wp\/v2\/pages"}],"about":[{"href":"https:\/\/avanzasaludips.com\/php\/wp-json\/wp\/v2\/types\/page"}],"author":[{"embeddable":true,"href":"https:\/\/avanzasaludips.com\/php\/wp-json\/wp\/v2\/users\/1"}],"replies":[{"embeddable":true,"href":"https:\/\/avanzasaludips.com\/php\/wp-json\/wp\/v2\/comments?post=5"}],"version-history":[{"count":0,"href":"https:\/\/avanzasaludips.com\/php\/wp-json\/wp\/v2\/pages\/5\/revisions"}],"wp:attachment":[{"href":"https:\/\/avanzasaludips.com\/php\/wp-json\/wp\/v2\/media?parent=5"}],"curies":[{"name":"wp","href":"https:\/\/api.w.org\/{rel}","templated":true}]}}